{"id":50179,"date":"2023-04-21T10:55:10","date_gmt":"2023-04-21T13:55:10","guid":{"rendered":"https:\/\/imova.cl\/?page_id=50179"},"modified":"2023-04-21T10:55:10","modified_gmt":"2023-04-21T13:55:10","slug":"contacto-edificacion","status":"publish","type":"page","link":"https:\/\/imova.cl\/en\/contacto-edificacion\/","title":{"rendered":"Contacto &#8211; Laboratorio edificaci\u00f3n"},"content":{"rendered":"\n\t\t<div id=\"fws_69f1d01e720c5\"  data-br=\"10px\" data-br-applies=\"bg\" data-column-margin=\"default\" data-midnight=\"dark\"  class=\"wpb_row vc_row-fluid vc_row full-width-section  zindex-set\"  style=\"padding-top: 0px; padding-bottom: 0px;  z-index: 100;\"><div class=\"row-bg-wrap\" data-bg-animation=\"none\" data-bg-animation-delay=\"\" data-bg-overlay=\"true\"><div class=\"inner-wrap row-bg-layer using-image\" ><div class=\"row-bg viewport-desktop using-image using-bg-color\"  style=\"background-image: url(https:\/\/imova.cl\/wp-content\/uploads\/2022\/09\/mati.jpg); background-position: left center; background-repeat: no-repeat; background-color: #efe9e9; \"><\/div><\/div><div class=\"row-bg-overlay row-bg-layer\" style=\"background: rgba(35,41,82,0.9); background: linear-gradient(to bottom,rgba(35,41,82,0.9) 0%,rgba(0,0,0,0.9) 100%);  opacity: 0.95; \"><\/div><\/div><div class=\"row_col_wrap_12 col span_12 dark left\">\n\t<div  class=\"vc_col-sm-12 wpb_column column_container vc_column_container col no-extra-padding inherit_tablet inherit_phone \"  data-padding-pos=\"all\" data-has-bg-color=\"false\" data-bg-color=\"\" data-bg-opacity=\"1\" data-animation=\"\" data-delay=\"0\" >\n\t\t<div class=\"vc_column-inner\" >\n\t\t\t<div class=\"wpb_wrapper\">\n\t\t\t\t<div id=\"fws_69f1d01e72a04\" data-midnight=\"\" data-column-margin=\"default\" class=\"wpb_row vc_row-fluid vc_row inner_row\"  style=\"padding-bottom: 4%; \"><div class=\"row-bg-wrap\"> <div class=\"row-bg\" ><\/div> <\/div><div class=\"row_col_wrap_12_inner col span_12  left\">\n\t<div style=\"margin-top: 10%; \" class=\"vc_col-sm-12 wpb_column column_container vc_column_container col child_column padding-5-percent inherit_tablet inherit_phone \"  data-using-bg=\"true\" data-shadow=\"small_depth\" data-border-radius=\"10px\" data-padding-pos=\"all\" data-has-bg-color=\"true\" data-bg-color=\"#ffffff\" data-bg-opacity=\"1\" data-animation=\"\" data-delay=\"0\" >\n\t\t<div class=\"vc_column-inner\" ><div class=\"column-bg-overlay-wrap column-bg-layer\" data-bg-animation=\"none\"><div class=\"column-bg-overlay\" style=\"opacity: 1; background-color: #ffffff;\"><\/div><\/div>\n\t\t<div class=\"wpb_wrapper\">\n\t\t\t\n<div class=\"wpb_text_column wpb_content_element \" >\n\t<div class=\"wpb_wrapper\">\n\t\t\n<div class=\"wpcf7 no-js\" id=\"wpcf7-f50155-o1\" lang=\"es-CL\" dir=\"ltr\">\n<div class=\"screen-reader-response\"><p role=\"status\" aria-live=\"polite\" aria-atomic=\"true\"><\/p> <ul><\/ul><\/div>\n<form action=\"\/en\/wp-json\/wp\/v2\/pages\/50179#wpcf7-f50155-o1\" method=\"post\" class=\"wpcf7-form init\" aria-label=\"Formulario de contacto\" novalidate=\"novalidate\" data-status=\"init\">\n<div style=\"display: none;\">\n<input type=\"hidden\" name=\"_wpcf7\" value=\"50155\" \/>\n<input type=\"hidden\" name=\"_wpcf7_version\" value=\"5.9.8\" \/>\n<input type=\"hidden\" name=\"_wpcf7_locale\" value=\"es_CL\" \/>\n<input type=\"hidden\" name=\"_wpcf7_unit_tag\" value=\"wpcf7-f50155-o1\" \/>\n<input type=\"hidden\" name=\"_wpcf7_container_post\" value=\"0\" \/>\n<input type=\"hidden\" name=\"_wpcf7_posted_data_hash\" value=\"\" \/>\n<input type=\"hidden\" name=\"_wpcf7_recaptcha_response\" value=\"\" \/>\n<\/div>\n<style>\/*\nFormulario CF7 a 2 columnas responsive\n*\/\n#responsive-form{\n\tmargin:0 auto;\n width:100%;\n}\n.form-row{\n\twidth: 100%;\n}\n.column-half, .column-full{\n\tfloat: left;\n\tposition: relative;\n\tpadding: 0.65rem;\n\twidth:100%;\n\t-webkit-box-sizing: border-box;\n -moz-box-sizing: border-box;\n box-sizing: border-box\n}\n.clearfix:after {\n\tcontent: \"\";\n\tdisplay: table;\n\tclear: both;\n}\n\/**---------------- Media query ----------------**\/\n@media only screen and (min-width: 48em) { \n\t.column-half{\n\t\twidth: 50%;\n\t}\n}\n<\/style>\n<div id=\"responsive-form\" class=\"clearfix\">\n\t<div class=\"form-row\">\n\t\t<div class=\"column-half\">\n\t\t\t<p><label> Nombre<br \/>\n<span class=\"wpcf7-form-control-wrap\" data-name=\"your-name\"><input size=\"40\" maxlength=\"400\" class=\"wpcf7-form-control wpcf7-text wpcf7-validates-as-required\" aria-required=\"true\" aria-invalid=\"false\" value=\"\" type=\"text\" name=\"your-name\" \/><\/span> <\/label>\n\t\t\t<\/p>\n\t\t<\/div>\n\t\t<div class=\"column-half\">\n\t\t\t<p><label> Correo<br \/>\n<span class=\"wpcf7-form-control-wrap\" data-name=\"your-email\"><input size=\"40\" maxlength=\"400\" class=\"wpcf7-form-control wpcf7-email wpcf7-validates-as-required wpcf7-text wpcf7-validates-as-email\" aria-required=\"true\" aria-invalid=\"false\" value=\"\" type=\"email\" name=\"your-email\" \/><\/span> <\/label>\n\t\t\t<\/p>\n\t\t<\/div>\n\t<\/div>\n\t<div class=\"form-row\">\n\t\t<div class=\"column-half\">\n\t\t\t<p><label> \u00bfC\u00f3mo supiste de nosotros?<br \/>\n<span class=\"wpcf7-form-control-wrap\" data-name=\"how-know\"><select class=\"wpcf7-form-control wpcf7-select\" aria-invalid=\"false\" name=\"how-know\"><option value=\"\">&#8212;Por favor, elige una opci\u00f3n&#8212;<\/option><option value=\"Google\">Google<\/option><option value=\"Evento\">Evento<\/option><option value=\"Linkedin\">Linkedin<\/option><option value=\"Referencia\">Referencia<\/option><option value=\"Otro\">Otro<\/option><\/select><\/span><\/label>\n\t\t\t<\/p>\n\t\t<\/div>\n\t\t<div class=\"column-half\">\n\t\t\t<p><label> Tel\u00e9fono<br \/>\n<span class=\"wpcf7-form-control-wrap\" data-name=\"Telefono\"><input size=\"40\" maxlength=\"400\" class=\"wpcf7-form-control wpcf7-tel wpcf7-text wpcf7-validates-as-tel\" aria-invalid=\"false\" value=\"\" type=\"tel\" name=\"Telefono\" \/><\/span><\/label>\n\t\t\t<\/p>\n\t\t<\/div>\n\t<\/div>\n\t<div class=\"form-row\">\n\t\t<div class=\"column-full\">\n\t\t\t<p><label> Cu\u00e9ntanos<br \/>\n<span class=\"wpcf7-form-control-wrap\" data-name=\"your-message\"><textarea cols=\"40\" rows=\"5\" maxlength=\"2000\" class=\"wpcf7-form-control wpcf7-textarea wpcf7-validates-as-required\" aria-required=\"true\" aria-invalid=\"false\" name=\"your-message\"><\/textarea><\/span> <\/label>\n\t\t\t<\/p>\n\t\t<\/div>\n\t<\/div>\n\t<div class=\"form-row\">\n\t\t<div class=\"column-full\">\n\t\t\t<p><input class=\"wpcf7-form-control wpcf7-submit has-spinner\" type=\"submit\" value=\"Enviar\" \/>\n\t\t\t<\/p>\n\t\t<\/div>\n\t<\/div>\n<\/div><p style=\"display: none !important;\" class=\"akismet-fields-container\" data-prefix=\"_wpcf7_ak_\"><label>&#916;<textarea name=\"_wpcf7_ak_hp_textarea\" cols=\"45\" rows=\"8\" maxlength=\"100\"><\/textarea><\/label><input type=\"hidden\" id=\"ak_js_1\" name=\"_wpcf7_ak_js\" value=\"113\"\/><script type=\"text\/javascript\">\n\/* <![CDATA[ *\/\ndocument.getElementById( \"ak_js_1\" ).setAttribute( \"value\", ( new Date() ).getTime() );\n\/* ]]> *\/\n<\/script>\n<\/p><input type='hidden' class='wpcf7-pum' value='{\"closepopup\":false,\"closedelay\":0,\"openpopup\":false,\"openpopup_id\":0}' \/><div class=\"wpcf7-response-output\" aria-hidden=\"true\"><\/div>\n<\/form>\n<\/div>\n\n\t<\/div>\n<\/div>\n\n\n\n\n\t\t<\/div> \n\t<\/div>\n\t<\/div> \n<\/div><\/div>\n\t\t\t<\/div> \n\t\t<\/div>\n\t<\/div> \n<\/div><\/div>\n","protected":false},"excerpt":{"rendered":"Nombre Correo \u00bfC\u00f3mo supiste de nosotros? &#8212;Por favor, elige una opci\u00f3n&#8212;GoogleEventoLinkedinReferenciaOtro Tel\u00e9fono Cu\u00e9ntanos &#916;","protected":false},"author":1,"featured_media":0,"parent":0,"menu_order":0,"comment_status":"closed","ping_status":"closed","template":"","meta":{"footnotes":""},"yoast_head":"<!-- This site is optimized with the Yoast SEO plugin v22.5 - https:\/\/yoast.com\/wordpress\/plugins\/seo\/ -->\n<title>Contacto - Laboratorio edificaci\u00f3n - IMOVA<\/title>\n<meta name=\"robots\" content=\"index, follow, max-snippet:-1, max-image-preview:large, max-video-preview:-1\" \/>\n<link rel=\"canonical\" href=\"https:\/\/imova.cl\/en\/contacto-edificacion\/\" \/>\n<meta property=\"og:locale\" content=\"en_GB\" \/>\n<meta property=\"og:type\" content=\"article\" \/>\n<meta property=\"og:title\" content=\"Contacto - Laboratorio edificaci\u00f3n - IMOVA\" \/>\n<meta property=\"og:url\" content=\"https:\/\/imova.cl\/en\/contacto-edificacion\/\" \/>\n<meta property=\"og:site_name\" content=\"IMOVA\" \/>\n<meta name=\"twitter:card\" content=\"summary_large_image\" \/>\n<meta name=\"twitter:label1\" content=\"Estimated reading time\" \/>\n\t<meta name=\"twitter:data1\" content=\"1 minute\" \/>\n<script type=\"application\/ld+json\" class=\"yoast-schema-graph\">{\"@context\":\"https:\/\/schema.org\",\"@graph\":[{\"@type\":\"WebPage\",\"@id\":\"https:\/\/imova.cl\/contacto-edificacion\/\",\"url\":\"https:\/\/imova.cl\/contacto-edificacion\/\",\"name\":\"Contacto - Laboratorio edificaci\u00f3n - IMOVA\",\"isPartOf\":{\"@id\":\"https:\/\/imova.cl\/#website\"},\"datePublished\":\"2023-04-21T13:55:10+00:00\",\"dateModified\":\"2023-04-21T13:55:10+00:00\",\"breadcrumb\":{\"@id\":\"https:\/\/imova.cl\/contacto-edificacion\/#breadcrumb\"},\"inLanguage\":\"en-GB\",\"potentialAction\":[{\"@type\":\"ReadAction\",\"target\":[\"https:\/\/imova.cl\/contacto-edificacion\/\"]}]},{\"@type\":\"BreadcrumbList\",\"@id\":\"https:\/\/imova.cl\/contacto-edificacion\/#breadcrumb\",\"itemListElement\":[{\"@type\":\"ListItem\",\"position\":1,\"name\":\"Portada\",\"item\":\"https:\/\/imova.cl\/\"},{\"@type\":\"ListItem\",\"position\":2,\"name\":\"Contacto &#8211; Laboratorio edificaci\u00f3n\"}]},{\"@type\":\"WebSite\",\"@id\":\"https:\/\/imova.cl\/#website\",\"url\":\"https:\/\/imova.cl\/\",\"name\":\"Realidad virtual, realidad aumentada y ciencia de datos\",\"description\":\"Realidad virtual, Realidad aumentada &amp; Ciencia de datos\",\"publisher\":{\"@id\":\"https:\/\/imova.cl\/#organization\"},\"potentialAction\":[{\"@type\":\"SearchAction\",\"target\":{\"@type\":\"EntryPoint\",\"urlTemplate\":\"https:\/\/imova.cl\/?s={search_term_string}\"},\"query-input\":\"required name=search_term_string\"}],\"inLanguage\":\"en-GB\"},{\"@type\":\"Organization\",\"@id\":\"https:\/\/imova.cl\/#organization\",\"name\":\"Realidad virtual, realidad aumentada y ciencia de datos\",\"url\":\"https:\/\/imova.cl\/\",\"logo\":{\"@type\":\"ImageObject\",\"inLanguage\":\"en-GB\",\"@id\":\"https:\/\/imova.cl\/#\/schema\/logo\/image\/\",\"url\":\"https:\/\/imova.cl\/wp-content\/uploads\/2021\/05\/logo_color.png\",\"contentUrl\":\"https:\/\/imova.cl\/wp-content\/uploads\/2021\/05\/logo_color.png\",\"width\":228,\"height\":59,\"caption\":\"Realidad virtual, realidad aumentada y ciencia de datos\"},\"image\":{\"@id\":\"https:\/\/imova.cl\/#\/schema\/logo\/image\/\"},\"sameAs\":[\"https:\/\/www.linkedin.com\/company\/imovavr-ar\"]}]}<\/script>\n<!-- \/ Yoast SEO plugin. -->","yoast_head_json":{"title":"Contacto - Laboratorio edificaci\u00f3n - IMOVA","robots":{"index":"index","follow":"follow","max-snippet":"max-snippet:-1","max-image-preview":"max-image-preview:large","max-video-preview":"max-video-preview:-1"},"canonical":"https:\/\/imova.cl\/en\/contacto-edificacion\/","og_locale":"en_GB","og_type":"article","og_title":"Contacto - Laboratorio edificaci\u00f3n - IMOVA","og_url":"https:\/\/imova.cl\/en\/contacto-edificacion\/","og_site_name":"IMOVA","twitter_card":"summary_large_image","twitter_misc":{"Estimated reading time":"1 minute"},"schema":{"@context":"https:\/\/schema.org","@graph":[{"@type":"WebPage","@id":"https:\/\/imova.cl\/contacto-edificacion\/","url":"https:\/\/imova.cl\/contacto-edificacion\/","name":"Contacto - Laboratorio edificaci\u00f3n - IMOVA","isPartOf":{"@id":"https:\/\/imova.cl\/#website"},"datePublished":"2023-04-21T13:55:10+00:00","dateModified":"2023-04-21T13:55:10+00:00","breadcrumb":{"@id":"https:\/\/imova.cl\/contacto-edificacion\/#breadcrumb"},"inLanguage":"en-GB","potentialAction":[{"@type":"ReadAction","target":["https:\/\/imova.cl\/contacto-edificacion\/"]}]},{"@type":"BreadcrumbList","@id":"https:\/\/imova.cl\/contacto-edificacion\/#breadcrumb","itemListElement":[{"@type":"ListItem","position":1,"name":"Portada","item":"https:\/\/imova.cl\/"},{"@type":"ListItem","position":2,"name":"Contacto &#8211; Laboratorio edificaci\u00f3n"}]},{"@type":"WebSite","@id":"https:\/\/imova.cl\/#website","url":"https:\/\/imova.cl\/","name":"Realidad virtual, realidad aumentada y ciencia de datos","description":"Realidad virtual, Realidad aumentada &amp; Ciencia de datos","publisher":{"@id":"https:\/\/imova.cl\/#organization"},"potentialAction":[{"@type":"SearchAction","target":{"@type":"EntryPoint","urlTemplate":"https:\/\/imova.cl\/?s={search_term_string}"},"query-input":"required name=search_term_string"}],"inLanguage":"en-GB"},{"@type":"Organization","@id":"https:\/\/imova.cl\/#organization","name":"Realidad virtual, realidad aumentada y ciencia de datos","url":"https:\/\/imova.cl\/","logo":{"@type":"ImageObject","inLanguage":"en-GB","@id":"https:\/\/imova.cl\/#\/schema\/logo\/image\/","url":"https:\/\/imova.cl\/wp-content\/uploads\/2021\/05\/logo_color.png","contentUrl":"https:\/\/imova.cl\/wp-content\/uploads\/2021\/05\/logo_color.png","width":228,"height":59,"caption":"Realidad virtual, realidad aumentada y ciencia de datos"},"image":{"@id":"https:\/\/imova.cl\/#\/schema\/logo\/image\/"},"sameAs":["https:\/\/www.linkedin.com\/company\/imovavr-ar"]}]}},"_links":{"self":[{"href":"https:\/\/imova.cl\/en\/wp-json\/wp\/v2\/pages\/50179"}],"collection":[{"href":"https:\/\/imova.cl\/en\/wp-json\/wp\/v2\/pages"}],"about":[{"href":"https:\/\/imova.cl\/en\/wp-json\/wp\/v2\/types\/page"}],"author":[{"embeddable":true,"href":"https:\/\/imova.cl\/en\/wp-json\/wp\/v2\/users\/1"}],"replies":[{"embeddable":true,"href":"https:\/\/imova.cl\/en\/wp-json\/wp\/v2\/comments?post=50179"}],"version-history":[{"count":1,"href":"https:\/\/imova.cl\/en\/wp-json\/wp\/v2\/pages\/50179\/revisions"}],"predecessor-version":[{"id":50181,"href":"https:\/\/imova.cl\/en\/wp-json\/wp\/v2\/pages\/50179\/revisions\/50181"}],"wp:attachment":[{"href":"https:\/\/imova.cl\/en\/wp-json\/wp\/v2\/media?parent=50179"}],"curies":[{"name":"wp","href":"https:\/\/api.w.org\/{rel}","templated":true}]}}